{"id":85525,"date":"2021-08-11T22:15:28","date_gmt":"2021-08-11T21:15:28","guid":{"rendered":"https:\/\/www.gamblingtherapy.org\/informazzjoni-2\/fejn-nista-nikseb-ghajnuna\/"},"modified":"2021-08-11T22:15:29","modified_gmt":"2021-08-11T21:15:29","slug":"fejn-nista-nikseb-ghajnuna","status":"publish","type":"page","link":"https:\/\/gamblingtherapy.org\/mt\/informazzjoni-2\/fejn-nista-nikseb-ghajnuna\/","title":{"rendered":"Fejn nista &#8216;nikseb g\u0127ajnuna?"},"content":{"rendered":"\n<p>Li tkun tista &#8216;titlob u ta\u010b\u010betta appo\u0121\u0121 hija wa\u0127da mill-imfieta\u0127 biex twaqqaf b&#8217;su\u010b\u010bess il-log\u0127ob tal-azzard.<\/p>\n\n<p>It-Terapija tal-Log\u0127ob tal-A\u017c\u017card hija servizz globali &#8211; u minbarra li jg\u0127inuk b\u2019appo\u0121\u0121 prattiku u emozzjonali, il-konsulenti jg\u0127inuk issib appo\u0121\u0121 tal-log\u0127ob tal-azzard rilevanti u b\u2019xejn \u0127dejk &#8211; fejn dan ikun disponibbli.<\/p>\n\n<p>It-Terapija tal-Log\u0127ob toffri wkoll appo\u0121\u0121 b&#8217;erba &#8216;modi:<\/p>\n\n<h4 class=\"wp-block-heading\">Appo\u0121\u0121 \u0127aj<\/h4>\n\n<p>U\u017ca l-<a href=\"https:\/\/www.gamblingtherapy.org\/mt\/?page_id=60696\" data-type=\"URL\" data-id=\"\/support\/problem-gambling-support-helpline\/\"> servizz ta &#8216;appo\u0121\u0121 dirett ibba\u017cat fuq it-test<\/a> biex tkellem ma &#8216;wie\u0127ed mill-konsulenti ta&#8217; esperjenza tag\u0127na dwar il-log\u0127ob tal-azzard tieg\u0127ek, jew jekk int im\u0127asseb dwar il-log\u0127ob ta &#8216;xi \u0127add ie\u0127or. L-appo\u0121\u0121 huwa disponibbli fi kwalunkwe lingwa &#8211; jew ma &#8216;konsulent li jitkellem nattiv jew ja\u0127dem permezz tas-sistema ta&#8217; traduzzjoni awtomatizzata. Is-servizz huwa anonimu u m&#8217;g\u0127andekx g\u0127alfejn tag\u0127ti ismu veru.<\/p>\n\n<h4 class=\"wp-block-heading\">Gruppi ta &#8216;Appo\u0121\u0121<\/h4>\n\n<p>Gambling Therapy imexxi gruppi regolari kemm g\u0127al-lag\u0127ba problemati\u010bi kif ukoll g\u0127al dawk affettwati mil-log\u0127ob tal-azzard ta &#8216;\u0127addie\u0127or. Biex tu\u017ca l-gruppi ser ikollok b\u017conn tirre\u0121istra b&#8217;indirizz elettroniku li ja\u0127dem, imma tista &#8216;tibqa&#8217; anonimu fil-grupp.<a href=\"\/support\/support-groups\/\"> I\u010b\u010bekkja l-lista s\u0127i\u0127a tal-gruppi<\/a> biex issib grupp fi \u017cmien li jixraqlek.<\/p>\n\n<h4 class=\"wp-block-heading\">Forums ta &#8216;Appo\u0121\u0121<\/h4>\n\n<p>Il<a href=\"\/support\/gambling-therapy-support-forums\/\" data-type=\"URL\" data-id=\"\/support\/gambling-therapy-support-forums\/\"> forums ta &#8216;appo\u0121\u0121 mill-pari<\/a> huma disponibbli 24\/7 u jipprovdu spazju g\u0127alik biex til\u0127aq lil \u0127addie\u0127or. Tista &#8216;tag\u0127\u017cel li twie\u0121eb g\u0127al \u0127addie\u0127or<\/p>\n\n<h4 class=\"wp-block-heading\">Appo\u0121\u0121 bl-Imejl<\/h4>\n\n<p>Kultant jista &#8216;ma jkunx prattiku jew possibbli li jsir u\u017cu minn appo\u0121\u0121 dirett, imma<a href=\"https:\/\/www.gamblingtherapy.org\/email-support\/\" data-type=\"page\" data-id=\"79743\"> tibg\u0127atilna email<\/a> bil-mistoqsijiet jew it-t\u0127assib tieg\u0127ek hija dejjem g\u0127a\u017cla. Gambling Therapy g\u0127andu l-g\u0127an li jirrispondi g\u0127all-email tieg\u0127ek fi \u017cmien 24 sieg\u0127a (48 sieg\u0127a fi tmiem il-\u0121img\u0127a \/ vaganzi).<\/p>\n<div class=\"map_wrapper\" id=\"map_wrapper_75218\">\n<div class=\"map_box\" style=\"max-width:2200px\"><div class=\"igm_select_container \">\n<select class=\"igm_select_choices\" data-noresults=\"No Matches\" data-select=\"Tap to Select\" data-map-id=\"75218\" id=\"igm_select_75218\">\n<option value=\"\">Select<\/option><option id=\"option-geo-AR\" data-map-id=\"75218\" value=\"AR\" data-custom-properties=\"{&quot;name&quot;: &quot;Argentina&quot;;}\">Argentina<\/option><option id=\"option-geo-AU\" data-map-id=\"75218\" value=\"AU\" data-custom-properties=\"{&quot;name&quot;: &quot;Australia&quot;;}\">Australia<\/option><option id=\"option-geo-AT\" data-map-id=\"75218\" value=\"AT\" data-custom-properties=\"{&quot;name&quot;: &quot;Austria&quot;;}\">Austria<\/option><option id=\"option-geo-BY\" data-map-id=\"75218\" value=\"BY\" data-custom-properties=\"{&quot;name&quot;: &quot;Belarus&quot;;}\">Belarus<\/option><option id=\"option-geo-BG\" data-map-id=\"75218\" value=\"BG\" data-custom-properties=\"{&quot;name&quot;: &quot;Bulgaria&quot;;}\">Bulgaria<\/option><option id=\"option-geo-CA\" data-map-id=\"75218\" value=\"CA\" data-custom-properties=\"{&quot;name&quot;: &quot;Canada&quot;;}\">Canada<\/option><option id=\"option-geo-CL\" data-map-id=\"75218\" value=\"CL\" data-custom-properties=\"{&quot;name&quot;: &quot;Chile&quot;;}\">Chile<\/option><option id=\"option-geo-CN\" data-map-id=\"75218\" value=\"CN\" data-custom-properties=\"{&quot;name&quot;: &quot;China&quot;;}\">China<\/option><option id=\"option-geo-CO\" data-map-id=\"75218\" value=\"CO\" data-custom-properties=\"{&quot;name&quot;: &quot;Colombia&quot;;}\">Colombia<\/option><option id=\"option-geo-CR\" data-map-id=\"75218\" value=\"CR\" data-custom-properties=\"{&quot;name&quot;: &quot;Costa Rica&quot;;}\">Costa Rica<\/option><option id=\"option-geo-HR\" data-map-id=\"75218\" value=\"HR\" data-custom-properties=\"{&quot;name&quot;: &quot;Croatia &quot;;}\">Croatia <\/option><option id=\"option-geo-CU\" data-map-id=\"75218\" value=\"CU\" data-custom-properties=\"{&quot;name&quot;: &quot;Cuba&quot;;}\">Cuba<\/option><option id=\"option-geo-EC\" data-map-id=\"75218\" value=\"EC\" data-custom-properties=\"{&quot;name&quot;: &quot;Ecuador&quot;;}\">Ecuador<\/option><option id=\"option-geo-SV\" data-map-id=\"75218\" value=\"SV\" data-custom-properties=\"{&quot;name&quot;: &quot;El Salvador&quot;;}\">El Salvador<\/option><option id=\"option-geo-EE\" data-map-id=\"75218\" value=\"EE\" data-custom-properties=\"{&quot;name&quot;: &quot;Estonia&quot;;}\">Estonia<\/option><option id=\"option-geo-FI\" data-map-id=\"75218\" value=\"FI\" data-custom-properties=\"{&quot;name&quot;: &quot;Finland&quot;;}\">Finland<\/option><option id=\"option-geo-GE\" data-map-id=\"75218\" value=\"GE\" data-custom-properties=\"{&quot;name&quot;: &quot;Georgia &quot;;}\">Georgia <\/option><option id=\"option-geo-DE\" data-map-id=\"75218\" value=\"DE\" data-custom-properties=\"{&quot;name&quot;: &quot;Germany&quot;;}\">Germany<\/option><option id=\"option-geo-GT\" data-map-id=\"75218\" value=\"GT\" data-custom-properties=\"{&quot;name&quot;: &quot;Guatemala&quot;;}\">Guatemala<\/option><option id=\"option-geo-HN\" data-map-id=\"75218\" value=\"HN\" data-custom-properties=\"{&quot;name&quot;: &quot;Honduras&quot;;}\">Honduras<\/option><option id=\"option-geo-IN\" data-map-id=\"75218\" value=\"IN\" data-custom-properties=\"{&quot;name&quot;: &quot;India&quot;;}\">India<\/option><option id=\"option-geo-IE\" data-map-id=\"75218\" value=\"IE\" data-custom-properties=\"{&quot;name&quot;: &quot;Ireland&quot;;}\">Ireland<\/option><option id=\"option-geo-IT\" data-map-id=\"75218\" value=\"IT\" data-custom-properties=\"{&quot;name&quot;: &quot;Italy&quot;;}\">Italy<\/option><option id=\"option-geo-KZ\" data-map-id=\"75218\" value=\"KZ\" data-custom-properties=\"{&quot;name&quot;: &quot;Kazahstan&quot;;}\">Kazahstan<\/option><option id=\"option-geo-KE\" data-map-id=\"75218\" value=\"KE\" data-custom-properties=\"{&quot;name&quot;: &quot;Kenya&quot;;}\">Kenya<\/option><option id=\"option-geo-LV\" data-map-id=\"75218\" value=\"LV\" data-custom-properties=\"{&quot;name&quot;: &quot;Latvia&quot;;}\">Latvia<\/option><option id=\"option-geo-LT\" data-map-id=\"75218\" value=\"LT\" data-custom-properties=\"{&quot;name&quot;: &quot;Lithuania&quot;;}\">Lithuania<\/option><option id=\"option-geo-MT\" data-map-id=\"75218\" value=\"MT\" data-custom-properties=\"{&quot;name&quot;: &quot;Malta&quot;;}\">Malta<\/option><option id=\"option-geo-MX\" data-map-id=\"75218\" value=\"MX\" data-custom-properties=\"{&quot;name&quot;: &quot;Mexico&quot;;}\">Mexico<\/option><option id=\"option-geo-MA\" data-map-id=\"75218\" value=\"MA\" data-custom-properties=\"{&quot;name&quot;: &quot;Morocco&quot;;}\">Morocco<\/option><option id=\"option-geo-NL\" data-map-id=\"75218\" value=\"NL\" data-custom-properties=\"{&quot;name&quot;: &quot;Netherlands&quot;;}\">Netherlands<\/option><option id=\"option-geo-NZ\" data-map-id=\"75218\" value=\"NZ\" data-custom-properties=\"{&quot;name&quot;: &quot;New Zealand&quot;;}\">New Zealand<\/option><option id=\"option-geo-NI\" data-map-id=\"75218\" value=\"NI\" data-custom-properties=\"{&quot;name&quot;: &quot;Nicaragua&quot;;}\">Nicaragua<\/option><option id=\"option-geo-NG\" data-map-id=\"75218\" value=\"NG\" data-custom-properties=\"{&quot;name&quot;: &quot;Nigeria&quot;;}\">Nigeria<\/option><option id=\"option-geo-PH\" data-map-id=\"75218\" value=\"PH\" data-custom-properties=\"{&quot;name&quot;: &quot;Philippines&quot;;}\">Philippines<\/option><option id=\"option-geo-PL\" data-map-id=\"75218\" value=\"PL\" data-custom-properties=\"{&quot;name&quot;: &quot;Poland&quot;;}\">Poland<\/option><option id=\"option-geo-PR\" data-map-id=\"75218\" value=\"PR\" data-custom-properties=\"{&quot;name&quot;: &quot;Puerto Rico&quot;;}\">Puerto Rico<\/option><option id=\"option-geo-RO\" data-map-id=\"75218\" value=\"RO\" data-custom-properties=\"{&quot;name&quot;: &quot;Romania&quot;;}\">Romania<\/option><option id=\"option-geo-RU\" data-map-id=\"75218\" value=\"RU\" data-custom-properties=\"{&quot;name&quot;: &quot;Russia&quot;;}\">Russia<\/option><option id=\"option-geo-SK\" data-map-id=\"75218\" value=\"SK\" data-custom-properties=\"{&quot;name&quot;: &quot;Slovakia&quot;;}\">Slovakia<\/option><option id=\"option-geo-SI\" data-map-id=\"75218\" value=\"SI\" data-custom-properties=\"{&quot;name&quot;: &quot;Slovenia&quot;;}\">Slovenia<\/option><option id=\"option-geo-ZA\" data-map-id=\"75218\" value=\"ZA\" data-custom-properties=\"{&quot;name&quot;: &quot;South Africa&quot;;}\">South Africa<\/option><option id=\"option-geo-KR\" data-map-id=\"75218\" value=\"KR\" data-custom-properties=\"{&quot;name&quot;: &quot;South Korea&quot;;}\">South Korea<\/option><option id=\"option-geo-ES\" data-map-id=\"75218\" value=\"ES\" data-custom-properties=\"{&quot;name&quot;: &quot;Spain&quot;;}\">Spain<\/option><option id=\"option-geo-SE\" data-map-id=\"75218\" value=\"SE\" data-custom-properties=\"{&quot;name&quot;: &quot;Sweden&quot;;}\">Sweden<\/option><option id=\"option-geo-TR\" data-map-id=\"75218\" value=\"TR\" data-custom-properties=\"{&quot;name&quot;: &quot;Turkey&quot;;}\">Turkey<\/option><option id=\"option-geo-UA\" data-map-id=\"75218\" value=\"UA\" data-custom-properties=\"{&quot;name&quot;: &quot;Ukraine&quot;;}\">Ukraine<\/option><option id=\"option-geo-GB\" data-map-id=\"75218\" value=\"GB\" data-custom-properties=\"{&quot;name&quot;: &quot;United Kingdom&quot;;}\">United Kingdom<\/option><option id=\"option-geo-US\" data-map-id=\"75218\" value=\"US\" data-custom-properties=\"{&quot;name&quot;: &quot;United States&quot;;}\">United States<\/option><\/select><\/div>\n<div class=\"map_aspect_ratio\" style=\"padding-top:56%\" data-padding-top=\"56%\" data-padding-top-mobile=\"0%\">\n<div class=\"map_container\">\n<div class=\"map_render map_loading\" id=\"map_75218\"><\/div>\n<\/div>\n<\/div>\n<\/div>\n<\/div>\n\n<p><\/p>\n","protected":false},"excerpt":{"rendered":"<p>Li tkun tista &#8216;titlob u ta\u010b\u010betta appo\u0121\u0121 hija wa\u0127da mill-imfieta\u0127 biex twaqqaf b&#8217;su\u010b\u010bess il-log\u0127ob tal-azzard. It-Terapija tal-Log\u0127ob tal-A\u017c\u017card hija servizz globali &#8211; u minbarra li jg\u0127inuk b\u2019appo\u0121\u0121 prattiku u emozzjonali, il-konsulenti jg\u0127inuk issib appo\u0121\u0121 tal-log\u0127ob tal-azzard rilevanti u b\u2019xejn \u0127dejk &#8211; fejn dan ikun disponibbli. It-Terapija tal-Log\u0127ob toffri wkoll appo\u0121\u0121 b&#8217;erba &#8216;modi: Appo\u0121\u0121 \u0127aj U\u017ca [&hellip;]<\/p>\n","protected":false},"author":1,"featured_media":80243,"parent":59843,"menu_order":0,"comment_status":"closed","ping_status":"closed","template":"","meta":{"_acf_changed":false,"_bbp_topic_count":0,"_bbp_reply_count":0,"_bbp_total_topic_count":0,"_bbp_total_reply_count":0,"_bbp_voice_count":0,"_bbp_anonymous_reply_count":0,"_bbp_topic_count_hidden":0,"_bbp_reply_count_hidden":0,"_bbp_forum_subforum_count":0,"footnotes":""},"class_list":["post-85525","page","type-page","status-publish","has-post-thumbnail","hentry"],"acf":[],"yoast_head":"<!-- This site is optimized with the Yoast SEO plugin v27.6 - https:\/\/yoast.com\/product\/yoast-seo-wordpress\/ -->\n<title>Fejn nista &#039;nikseb g\u0127ajnuna? - Gambling Therapy<\/title>\n<meta name=\"robots\" content=\"index, follow, max-snippet:-1, max-image-preview:large, max-video-preview:-1\" \/>\n<link rel=\"canonical\" href=\"https:\/\/gamblingtherapy.org\/mt\/informazzjoni-2\/fejn-nista-nikseb-ghajnuna\/\" \/>\n<meta property=\"og:locale\" content=\"mt_MT\" \/>\n<meta property=\"og:type\" content=\"article\" \/>\n<meta property=\"og:title\" content=\"Fejn nista &#039;nikseb g\u0127ajnuna? - Gambling Therapy\" \/>\n<meta property=\"og:description\" content=\"Li tkun tista &#8216;titlob u ta\u010b\u010betta appo\u0121\u0121 hija wa\u0127da mill-imfieta\u0127 biex twaqqaf b&#8217;su\u010b\u010bess il-log\u0127ob tal-azzard. It-Terapija tal-Log\u0127ob tal-A\u017c\u017card hija servizz globali &#8211; u minbarra li jg\u0127inuk b\u2019appo\u0121\u0121 prattiku u emozzjonali, il-konsulenti jg\u0127inuk issib appo\u0121\u0121 tal-log\u0127ob tal-azzard rilevanti u b\u2019xejn \u0127dejk &#8211; fejn dan ikun disponibbli. It-Terapija tal-Log\u0127ob toffri wkoll appo\u0121\u0121 b&#8217;erba &#8216;modi: Appo\u0121\u0121 \u0127aj U\u017ca [&hellip;]\" \/>\n<meta property=\"og:url\" content=\"https:\/\/gamblingtherapy.org\/mt\/informazzjoni-2\/fejn-nista-nikseb-ghajnuna\/\" \/>\n<meta property=\"og:site_name\" content=\"Gambling Therapy\" \/>\n<meta property=\"article:modified_time\" content=\"2021-08-11T21:15:29+00:00\" \/>\n<meta property=\"og:image\" content=\"https:\/\/gamblingtherapy.org\/wp-content\/uploads\/2021\/08\/bill-oxford-rdLERs3ZGgQ-unsplash-scaled-1.jpg\" \/>\n\t<meta property=\"og:image:width\" content=\"2560\" \/>\n\t<meta property=\"og:image:height\" content=\"2340\" \/>\n\t<meta property=\"og:image:type\" content=\"image\/jpeg\" \/>\n<meta name=\"twitter:card\" content=\"summary_large_image\" \/>\n<meta name=\"twitter:site\" content=\"@gamblingtherap\" \/>\n<meta name=\"twitter:label1\" content=\"Est. reading time\" \/>\n\t<meta name=\"twitter:data1\" content=\"1 minute\" \/>\n<script type=\"application\/ld+json\" class=\"yoast-schema-graph\">{\"@context\":\"https:\\\/\\\/schema.org\",\"@graph\":[{\"@type\":\"WebPage\",\"@id\":\"https:\\\/\\\/gamblingtherapy.org\\\/mt\\\/informazzjoni-2\\\/fejn-nista-nikseb-ghajnuna\\\/\",\"url\":\"https:\\\/\\\/gamblingtherapy.org\\\/mt\\\/informazzjoni-2\\\/fejn-nista-nikseb-ghajnuna\\\/\",\"name\":\"Fejn nista 'nikseb g\u0127ajnuna? - Gambling Therapy\",\"isPartOf\":{\"@id\":\"https:\\\/\\\/gamblingtherapy.org\\\/#website\"},\"primaryImageOfPage\":{\"@id\":\"https:\\\/\\\/gamblingtherapy.org\\\/mt\\\/informazzjoni-2\\\/fejn-nista-nikseb-ghajnuna\\\/#primaryimage\"},\"image\":{\"@id\":\"https:\\\/\\\/gamblingtherapy.org\\\/mt\\\/informazzjoni-2\\\/fejn-nista-nikseb-ghajnuna\\\/#primaryimage\"},\"thumbnailUrl\":\"https:\\\/\\\/gamblingtherapy.org\\\/wp-content\\\/uploads\\\/2021\\\/08\\\/bill-oxford-rdLERs3ZGgQ-unsplash-scaled-1.jpg\",\"datePublished\":\"2021-08-11T21:15:28+00:00\",\"dateModified\":\"2021-08-11T21:15:29+00:00\",\"breadcrumb\":{\"@id\":\"https:\\\/\\\/gamblingtherapy.org\\\/mt\\\/informazzjoni-2\\\/fejn-nista-nikseb-ghajnuna\\\/#breadcrumb\"},\"inLanguage\":\"mt-MT\",\"potentialAction\":[{\"@type\":\"ReadAction\",\"target\":[\"https:\\\/\\\/gamblingtherapy.org\\\/mt\\\/informazzjoni-2\\\/fejn-nista-nikseb-ghajnuna\\\/\"]}]},{\"@type\":\"ImageObject\",\"inLanguage\":\"mt-MT\",\"@id\":\"https:\\\/\\\/gamblingtherapy.org\\\/mt\\\/informazzjoni-2\\\/fejn-nista-nikseb-ghajnuna\\\/#primaryimage\",\"url\":\"https:\\\/\\\/gamblingtherapy.org\\\/wp-content\\\/uploads\\\/2021\\\/08\\\/bill-oxford-rdLERs3ZGgQ-unsplash-scaled-1.jpg\",\"contentUrl\":\"https:\\\/\\\/gamblingtherapy.org\\\/wp-content\\\/uploads\\\/2021\\\/08\\\/bill-oxford-rdLERs3ZGgQ-unsplash-scaled-1.jpg\",\"width\":2560,\"height\":2340},{\"@type\":\"BreadcrumbList\",\"@id\":\"https:\\\/\\\/gamblingtherapy.org\\\/mt\\\/informazzjoni-2\\\/fejn-nista-nikseb-ghajnuna\\\/#breadcrumb\",\"itemListElement\":[{\"@type\":\"ListItem\",\"position\":1,\"name\":\"Home\",\"item\":\"https:\\\/\\\/gamblingtherapy.org\\\/mt\\\/dar\\\/\"},{\"@type\":\"ListItem\",\"position\":2,\"name\":\"Informazzjoni\",\"item\":\"https:\\\/\\\/gamblingtherapy.org\\\/mt\\\/informazzjoni-2\\\/\"},{\"@type\":\"ListItem\",\"position\":3,\"name\":\"Fejn nista &#8216;nikseb g\u0127ajnuna?\"}]},{\"@type\":\"WebSite\",\"@id\":\"https:\\\/\\\/gamblingtherapy.org\\\/#website\",\"url\":\"https:\\\/\\\/gamblingtherapy.org\\\/\",\"name\":\"Gambling Therapy\",\"description\":\"Providing online help for problem gamblers\",\"publisher\":{\"@id\":\"https:\\\/\\\/gamblingtherapy.org\\\/#organization\"},\"potentialAction\":[{\"@type\":\"SearchAction\",\"target\":{\"@type\":\"EntryPoint\",\"urlTemplate\":\"https:\\\/\\\/gamblingtherapy.org\\\/?s={search_term_string}\"},\"query-input\":{\"@type\":\"PropertyValueSpecification\",\"valueRequired\":true,\"valueName\":\"search_term_string\"}}],\"inLanguage\":\"mt-MT\"},{\"@type\":\"Organization\",\"@id\":\"https:\\\/\\\/gamblingtherapy.org\\\/#organization\",\"name\":\"Gambling Therapy\",\"url\":\"https:\\\/\\\/gamblingtherapy.org\\\/\",\"logo\":{\"@type\":\"ImageObject\",\"inLanguage\":\"mt-MT\",\"@id\":\"https:\\\/\\\/gamblingtherapy.org\\\/#\\\/schema\\\/logo\\\/image\\\/\",\"url\":\"https:\\\/\\\/www.gamblingtherapy.org\\\/wp-content\\\/uploads\\\/2021\\\/08\\\/GAMBLING_THERAPY-logo.png\",\"contentUrl\":\"https:\\\/\\\/www.gamblingtherapy.org\\\/wp-content\\\/uploads\\\/2021\\\/08\\\/GAMBLING_THERAPY-logo.png\",\"width\":538,\"height\":158,\"caption\":\"Gambling Therapy\"},\"image\":{\"@id\":\"https:\\\/\\\/gamblingtherapy.org\\\/#\\\/schema\\\/logo\\\/image\\\/\"},\"sameAs\":[\"https:\\\/\\\/x.com\\\/gamblingtherap\"]}]}<\/script>\n<!-- \/ Yoast SEO plugin. -->","yoast_head_json":{"title":"Fejn nista 'nikseb g\u0127ajnuna? - Gambling Therapy","robots":{"index":"index","follow":"follow","max-snippet":"max-snippet:-1","max-image-preview":"max-image-preview:large","max-video-preview":"max-video-preview:-1"},"canonical":"https:\/\/gamblingtherapy.org\/mt\/informazzjoni-2\/fejn-nista-nikseb-ghajnuna\/","og_locale":"mt_MT","og_type":"article","og_title":"Fejn nista 'nikseb g\u0127ajnuna? - Gambling Therapy","og_description":"Li tkun tista &#8216;titlob u ta\u010b\u010betta appo\u0121\u0121 hija wa\u0127da mill-imfieta\u0127 biex twaqqaf b&#8217;su\u010b\u010bess il-log\u0127ob tal-azzard. It-Terapija tal-Log\u0127ob tal-A\u017c\u017card hija servizz globali &#8211; u minbarra li jg\u0127inuk b\u2019appo\u0121\u0121 prattiku u emozzjonali, il-konsulenti jg\u0127inuk issib appo\u0121\u0121 tal-log\u0127ob tal-azzard rilevanti u b\u2019xejn \u0127dejk &#8211; fejn dan ikun disponibbli. It-Terapija tal-Log\u0127ob toffri wkoll appo\u0121\u0121 b&#8217;erba &#8216;modi: Appo\u0121\u0121 \u0127aj U\u017ca [&hellip;]","og_url":"https:\/\/gamblingtherapy.org\/mt\/informazzjoni-2\/fejn-nista-nikseb-ghajnuna\/","og_site_name":"Gambling Therapy","article_modified_time":"2021-08-11T21:15:29+00:00","og_image":[{"width":2560,"height":2340,"url":"https:\/\/gamblingtherapy.org\/wp-content\/uploads\/2021\/08\/bill-oxford-rdLERs3ZGgQ-unsplash-scaled-1.jpg","type":"image\/jpeg"}],"twitter_card":"summary_large_image","twitter_site":"@gamblingtherap","twitter_misc":{"Est. reading time":"1 minute"},"schema":{"@context":"https:\/\/schema.org","@graph":[{"@type":"WebPage","@id":"https:\/\/gamblingtherapy.org\/mt\/informazzjoni-2\/fejn-nista-nikseb-ghajnuna\/","url":"https:\/\/gamblingtherapy.org\/mt\/informazzjoni-2\/fejn-nista-nikseb-ghajnuna\/","name":"Fejn nista 'nikseb g\u0127ajnuna? - Gambling Therapy","isPartOf":{"@id":"https:\/\/gamblingtherapy.org\/#website"},"primaryImageOfPage":{"@id":"https:\/\/gamblingtherapy.org\/mt\/informazzjoni-2\/fejn-nista-nikseb-ghajnuna\/#primaryimage"},"image":{"@id":"https:\/\/gamblingtherapy.org\/mt\/informazzjoni-2\/fejn-nista-nikseb-ghajnuna\/#primaryimage"},"thumbnailUrl":"https:\/\/gamblingtherapy.org\/wp-content\/uploads\/2021\/08\/bill-oxford-rdLERs3ZGgQ-unsplash-scaled-1.jpg","datePublished":"2021-08-11T21:15:28+00:00","dateModified":"2021-08-11T21:15:29+00:00","breadcrumb":{"@id":"https:\/\/gamblingtherapy.org\/mt\/informazzjoni-2\/fejn-nista-nikseb-ghajnuna\/#breadcrumb"},"inLanguage":"mt-MT","potentialAction":[{"@type":"ReadAction","target":["https:\/\/gamblingtherapy.org\/mt\/informazzjoni-2\/fejn-nista-nikseb-ghajnuna\/"]}]},{"@type":"ImageObject","inLanguage":"mt-MT","@id":"https:\/\/gamblingtherapy.org\/mt\/informazzjoni-2\/fejn-nista-nikseb-ghajnuna\/#primaryimage","url":"https:\/\/gamblingtherapy.org\/wp-content\/uploads\/2021\/08\/bill-oxford-rdLERs3ZGgQ-unsplash-scaled-1.jpg","contentUrl":"https:\/\/gamblingtherapy.org\/wp-content\/uploads\/2021\/08\/bill-oxford-rdLERs3ZGgQ-unsplash-scaled-1.jpg","width":2560,"height":2340},{"@type":"BreadcrumbList","@id":"https:\/\/gamblingtherapy.org\/mt\/informazzjoni-2\/fejn-nista-nikseb-ghajnuna\/#breadcrumb","itemListElement":[{"@type":"ListItem","position":1,"name":"Home","item":"https:\/\/gamblingtherapy.org\/mt\/dar\/"},{"@type":"ListItem","position":2,"name":"Informazzjoni","item":"https:\/\/gamblingtherapy.org\/mt\/informazzjoni-2\/"},{"@type":"ListItem","position":3,"name":"Fejn nista &#8216;nikseb g\u0127ajnuna?"}]},{"@type":"WebSite","@id":"https:\/\/gamblingtherapy.org\/#website","url":"https:\/\/gamblingtherapy.org\/","name":"Gambling Therapy","description":"Providing online help for problem gamblers","publisher":{"@id":"https:\/\/gamblingtherapy.org\/#organization"},"potentialAction":[{"@type":"SearchAction","target":{"@type":"EntryPoint","urlTemplate":"https:\/\/gamblingtherapy.org\/?s={search_term_string}"},"query-input":{"@type":"PropertyValueSpecification","valueRequired":true,"valueName":"search_term_string"}}],"inLanguage":"mt-MT"},{"@type":"Organization","@id":"https:\/\/gamblingtherapy.org\/#organization","name":"Gambling Therapy","url":"https:\/\/gamblingtherapy.org\/","logo":{"@type":"ImageObject","inLanguage":"mt-MT","@id":"https:\/\/gamblingtherapy.org\/#\/schema\/logo\/image\/","url":"https:\/\/www.gamblingtherapy.org\/wp-content\/uploads\/2021\/08\/GAMBLING_THERAPY-logo.png","contentUrl":"https:\/\/www.gamblingtherapy.org\/wp-content\/uploads\/2021\/08\/GAMBLING_THERAPY-logo.png","width":538,"height":158,"caption":"Gambling Therapy"},"image":{"@id":"https:\/\/gamblingtherapy.org\/#\/schema\/logo\/image\/"},"sameAs":["https:\/\/x.com\/gamblingtherap"]}]}},"_links":{"self":[{"href":"https:\/\/gamblingtherapy.org\/mt\/wp-json\/wp\/v2\/pages\/85525","targetHints":{"allow":["GET"]}}],"collection":[{"href":"https:\/\/gamblingtherapy.org\/mt\/wp-json\/wp\/v2\/pages"}],"about":[{"href":"https:\/\/gamblingtherapy.org\/mt\/wp-json\/wp\/v2\/types\/page"}],"author":[{"embeddable":true,"href":"https:\/\/gamblingtherapy.org\/mt\/wp-json\/wp\/v2\/users\/1"}],"replies":[{"embeddable":true,"href":"https:\/\/gamblingtherapy.org\/mt\/wp-json\/wp\/v2\/comments?post=85525"}],"version-history":[{"count":2,"href":"https:\/\/gamblingtherapy.org\/mt\/wp-json\/wp\/v2\/pages\/85525\/revisions"}],"predecessor-version":[{"id":85528,"href":"https:\/\/gamblingtherapy.org\/mt\/wp-json\/wp\/v2\/pages\/85525\/revisions\/85528"}],"up":[{"embeddable":true,"href":"https:\/\/gamblingtherapy.org\/mt\/wp-json\/wp\/v2\/pages\/59843"}],"wp:featuredmedia":[{"embeddable":true,"href":"https:\/\/gamblingtherapy.org\/mt\/wp-json\/wp\/v2\/media\/80243"}],"wp:attachment":[{"href":"https:\/\/gamblingtherapy.org\/mt\/wp-json\/wp\/v2\/media?parent=85525"}],"curies":[{"name":"wp","href":"https:\/\/api.w.org\/{rel}","templated":true}]}}